{"id":158,"date":"2024-01-15T15:11:38","date_gmt":"2024-01-15T14:11:38","guid":{"rendered":"https:\/\/www.restaurantlaventurelyon.fr\/?page_id=158"},"modified":"2024-02-08T11:25:40","modified_gmt":"2024-02-08T10:25:40","slug":"reservation","status":"publish","type":"page","link":"https:\/\/www.restaurantlaventurelyon.fr\/index.php\/reservation\/","title":{"rendered":"R\u00e9servation"},"content":{"rendered":"\n[et_pb_section fb_built=\u00a0\u00bb1&Prime; theme_builder_area=\u00a0\u00bbpost_content\u00a0\u00bb _builder_version=\u00a0\u00bb4.23.4&Prime; _module_preset=\u00a0\u00bbdefault\u00a0\u00bb hover_enabled=\u00a0\u00bb0&Prime; sticky_enabled=\u00a0\u00bb0&Prime;][et_pb_row _builder_version=\u00a0\u00bb4.23.4&Prime; _module_preset=\u00a0\u00bbdefault\u00a0\u00bb theme_builder_area=\u00a0\u00bbpost_content\u00a0\u00bb hover_enabled=\u00a0\u00bb0&Prime; sticky_enabled=\u00a0\u00bb0&Prime;][et_pb_column _builder_version=\u00a0\u00bb4.23.4&Prime; _module_preset=\u00a0\u00bbdefault\u00a0\u00bb type=\u00a0\u00bb4_4&Prime; theme_builder_area=\u00a0\u00bbpost_content\u00a0\u00bb][dsm_contact_form_7 _builder_version=\u00a0\u00bb4.23.4&Prime; _module_preset=\u00a0\u00bbdefault\u00a0\u00bb theme_builder_area=\u00a0\u00bbpost_content\u00a0\u00bb cf7_library=\u00a0\u00bb156&Prime; hover_enabled=\u00a0\u00bb0&Prime; sticky_enabled=\u00a0\u00bb0&Prime;][\/dsm_contact_form_7][\/et_pb_column][\/et_pb_row][\/et_pb_section]\n","protected":false},"excerpt":{"rendered":"<div class=\"et_pb_module dsm_contact_form_7 dsm_contact_form_7_0\">\n\t\t\t\t\n\t\t\t\t\n\t\t\t\t\n\t\t\t\t\n\t\t\t\t\n\t\t\t\t\n\t\t\t\t<div class=\"et_pb_module_inner\">\n\t\t\t\t\t<div class=\"\">\n\t\t\t\t\n<div class=\"wpcf7 no-js\" id=\"wpcf7-f156-o1\" lang=\"fr-FR\" dir=\"ltr\">\n<div class=\"screen-reader-response\"><p role=\"status\" aria-live=\"polite\" aria-atomic=\"true\"><\/p> <ul><\/ul><\/div>\n<form action=\"\/index.php\/wp-json\/wp\/v2\/pages\/158#wpcf7-f156-o1\" method=\"post\" class=\"wpcf7-form init\" aria-label=\"Formulaire de contact\" novalidate=\"novalidate\" data-status=\"init\">\n<div style=\"display: none;\">\n<input type=\"hidden\" name=\"_wpcf7\" value=\"156\" \/>\n<input type=\"hidden\" name=\"_wpcf7_version\" value=\"5.9.3\" \/>\n<input type=\"hidden\" name=\"_wpcf7_locale\" value=\"fr_FR\" \/>\n<input type=\"hidden\" name=\"_wpcf7_unit_tag\" value=\"wpcf7-f156-o1\" \/>\n<input type=\"hidden\" name=\"_wpcf7_container_post\" value=\"0\" \/>\n<input type=\"hidden\" name=\"_wpcf7_posted_data_hash\" value=\"\" \/>\n<\/div>\n<!-- Formulaire de R\u00e9servation de Restaurant -->\n<div class=\"reservation-form\">\n\t<p><label>Votre Nom<br \/>\n<span class=\"wpcf7-form-control-wrap\" data-name=\"your-name\"><input size=\"40\" class=\"wpcf7-form-control wpcf7-text wpcf7-validates-as-required\" aria-required=\"true\" aria-invalid=\"false\" placeholder=\"Votre Nom\" value=\"\" type=\"text\" name=\"your-name\" \/><\/span><br \/>\n<\/label>\n\t<\/p>\n\t<p><label>Votre Adresse E-mail<br \/>\n<span class=\"wpcf7-form-control-wrap\" data-name=\"your-email\"><input size=\"40\" class=\"wpcf7-form-control wpcf7-email wpcf7-validates-as-required wpcf7-text wpcf7-validates-as-email\" aria-required=\"true\" aria-invalid=\"false\" placeholder=\"Votre Adresse E-mail\" value=\"\" type=\"email\" name=\"your-email\" \/><\/span><br \/>\n<\/label>\n\t<\/p>\n\t<p><label>Votre Num\u00e9ro de T\u00e9l\u00e9phone<br \/>\n<span class=\"wpcf7-form-control-wrap\" data-name=\"your-phone\"><input size=\"40\" class=\"wpcf7-form-control wpcf7-tel wpcf7-validates-as-required wpcf7-text wpcf7-validates-as-tel\" aria-required=\"true\" aria-invalid=\"false\" placeholder=\"Votre Num\u00e9ro de T\u00e9l\u00e9phone\" value=\"\" type=\"tel\" name=\"your-phone\" \/><\/span><br \/>\n<\/label>\n\t<\/p>\n\t<p><label>Date de R\u00e9servation<br \/>\n<span class=\"wpcf7-form-control-wrap\" data-name=\"reservation-date\"><input class=\"wpcf7-form-control wpcf7-date wpcf7-validates-as-required wpcf7-validates-as-date\" min=\"2026-04-29\" aria-required=\"true\" aria-invalid=\"false\" placeholder=\"Date de R\u00e9servation\" value=\"\" type=\"date\" name=\"reservation-date\" \/><\/span><br \/>\n<\/label>\n\t<\/p>\n\t<p><label>Heure de R\u00e9servation<br \/>\n<span class=\"wpcf7-form-control-wrap\" data-name=\"reservation-time\"><input size=\"40\" class=\"wpcf7-form-control wpcf7-text wpcf7-validates-as-required\" aria-required=\"true\" aria-invalid=\"false\" placeholder=\"Heure de R\u00e9servation\" value=\"\" type=\"text\" name=\"reservation-time\" \/><\/span><br \/>\n<\/label>\n\t<\/p>\n\t<p><label>Nombre de Personnes<br \/>\n<span class=\"wpcf7-form-control-wrap\" data-name=\"party-size\"><input class=\"wpcf7-form-control wpcf7-number wpcf7-validates-as-required wpcf7-validates-as-number\" min=\"1\" aria-required=\"true\" aria-invalid=\"false\" placeholder=\"Nombre de Personnes\" value=\"\" type=\"number\" name=\"party-size\" \/><\/span><br \/>\n<\/label>\n\t<\/p>\n\t<p><label>Demandes Sp\u00e9ciales<br \/>\n<span class=\"wpcf7-form-control-wrap\" data-name=\"special-requests\"><input size=\"40\" class=\"wpcf7-form-control wpcf7-text\" aria-invalid=\"false\" placeholder=\"Demandes Sp\u00e9ciales\" value=\"\" type=\"text\" name=\"special-requests\" \/><\/span><br \/>\n<\/label>\n\t<\/p>\n\t<p><button class=\"wpcf7-form-control wpcf7-submit has-spinner et_pb_button et_pb_bg_layout_light\" type=\"submit\" value=\"R\u00e9server\">R\u00e9server<\/button>\n\t<\/p>\n<\/div><div class=\"wpcf7-response-output\" aria-hidden=\"true\"><\/div>\n<\/form>\n<\/div>\n\n\t\t\t<\/div>\n\t\t\t\t<\/div>\n\t\t\t<\/div>\n","protected":false},"author":1,"featured_media":0,"parent":0,"menu_order":0,"comment_status":"closed","ping_status":"closed","template":"","meta":{"_et_pb_use_builder":"on","_et_pb_old_content":"","_et_gb_content_width":"","footnotes":""},"class_list":["post-158","page","type-page","status-publish","hentry"],"yoast_head":"<!-- This site is optimized with the Yoast SEO plugin v22.6 - https:\/\/yoast.com\/wordpress\/plugins\/seo\/ -->\n<title>R\u00e9servation - laventure<\/title>\n<meta name=\"robots\" content=\"index, follow, max-snippet:-1, max-image-preview:large, max-video-preview:-1\" \/>\n<link rel=\"canonical\" href=\"https:\/\/www.restaurantlaventurelyon.fr\/index.php\/reservation\/\" \/>\n<meta property=\"og:locale\" content=\"fr_FR\" \/>\n<meta property=\"og:type\" content=\"article\" \/>\n<meta property=\"og:title\" content=\"R\u00e9servation - laventure\" \/>\n<meta property=\"og:url\" content=\"https:\/\/www.restaurantlaventurelyon.fr\/index.php\/reservation\/\" \/>\n<meta property=\"og:site_name\" content=\"laventure\" \/>\n<meta property=\"article:modified_time\" content=\"2024-02-08T10:25:40+00:00\" \/>\n<meta name=\"twitter:card\" content=\"summary_large_image\" \/>\n<meta name=\"twitter:description\" content=\"[dsm_contact_form_7 _builder_version=&quot;4.23.4&quot; _module_preset=&quot;default&quot; theme_builder_area=&quot;post_content&quot; cf7_library=&quot;156&quot; hover_enabled=&quot;0&quot; sticky_enabled=&quot;0&quot;][\/dsm_contact_form_7]\" \/>\n<meta name=\"twitter:label1\" content=\"Dur\u00e9e de lecture estim\u00e9e\" \/>\n\t<meta name=\"twitter:data1\" content=\"1 minute\" \/>\n<script type=\"application\/ld+json\" class=\"yoast-schema-graph\">{\"@context\":\"https:\/\/schema.org\",\"@graph\":[{\"@type\":\"WebPage\",\"@id\":\"https:\/\/www.restaurantlaventurelyon.fr\/index.php\/reservation\/\",\"url\":\"https:\/\/www.restaurantlaventurelyon.fr\/index.php\/reservation\/\",\"name\":\"R\u00e9servation - laventure\",\"isPartOf\":{\"@id\":\"https:\/\/www.restaurantlaventurelyon.fr\/#website\"},\"datePublished\":\"2024-01-15T14:11:38+00:00\",\"dateModified\":\"2024-02-08T10:25:40+00:00\",\"breadcrumb\":{\"@id\":\"https:\/\/www.restaurantlaventurelyon.fr\/index.php\/reservation\/#breadcrumb\"},\"inLanguage\":\"fr-FR\",\"potentialAction\":[{\"@type\":\"ReadAction\",\"target\":[\"https:\/\/www.restaurantlaventurelyon.fr\/index.php\/reservation\/\"]}]},{\"@type\":\"BreadcrumbList\",\"@id\":\"https:\/\/www.restaurantlaventurelyon.fr\/index.php\/reservation\/#breadcrumb\",\"itemListElement\":[{\"@type\":\"ListItem\",\"position\":1,\"name\":\"Home\",\"item\":\"https:\/\/www.restaurantlaventurelyon.fr\/\"},{\"@type\":\"ListItem\",\"position\":2,\"name\":\"R\u00e9servation\"}]},{\"@type\":\"WebSite\",\"@id\":\"https:\/\/www.restaurantlaventurelyon.fr\/#website\",\"url\":\"https:\/\/www.restaurantlaventurelyon.fr\/\",\"name\":\"laventure\",\"description\":\"\",\"publisher\":{\"@id\":\"https:\/\/www.restaurantlaventurelyon.fr\/#organization\"},\"potentialAction\":[{\"@type\":\"SearchAction\",\"target\":{\"@type\":\"EntryPoint\",\"urlTemplate\":\"https:\/\/www.restaurantlaventurelyon.fr\/?s={search_term_string}\"},\"query-input\":\"required name=search_term_string\"}],\"inLanguage\":\"fr-FR\"},{\"@type\":\"Organization\",\"@id\":\"https:\/\/www.restaurantlaventurelyon.fr\/#organization\",\"name\":\"laventure\",\"url\":\"https:\/\/www.restaurantlaventurelyon.fr\/\",\"logo\":{\"@type\":\"ImageObject\",\"inLanguage\":\"fr-FR\",\"@id\":\"https:\/\/www.restaurantlaventurelyon.fr\/#\/schema\/logo\/image\/\",\"url\":\"https:\/\/www.restaurantlaventurelyon.fr\/wp-content\/uploads\/2024\/01\/LAVENTURE-LOGO-HD-SANS-BASELINR-14.png\",\"contentUrl\":\"https:\/\/www.restaurantlaventurelyon.fr\/wp-content\/uploads\/2024\/01\/LAVENTURE-LOGO-HD-SANS-BASELINR-14.png\",\"width\":1137,\"height\":1064,\"caption\":\"laventure\"},\"image\":{\"@id\":\"https:\/\/www.restaurantlaventurelyon.fr\/#\/schema\/logo\/image\/\"}}]}<\/script>\n<!-- \/ Yoast SEO plugin. -->","yoast_head_json":{"title":"R\u00e9servation - laventure","robots":{"index":"index","follow":"follow","max-snippet":"max-snippet:-1","max-image-preview":"max-image-preview:large","max-video-preview":"max-video-preview:-1"},"canonical":"https:\/\/www.restaurantlaventurelyon.fr\/index.php\/reservation\/","og_locale":"fr_FR","og_type":"article","og_title":"R\u00e9servation - laventure","og_url":"https:\/\/www.restaurantlaventurelyon.fr\/index.php\/reservation\/","og_site_name":"laventure","article_modified_time":"2024-02-08T10:25:40+00:00","twitter_card":"summary_large_image","twitter_description":"[dsm_contact_form_7 _builder_version=\"4.23.4\" _module_preset=\"default\" theme_builder_area=\"post_content\" cf7_library=\"156\" hover_enabled=\"0\" sticky_enabled=\"0\"][\/dsm_contact_form_7]","twitter_misc":{"Dur\u00e9e de lecture estim\u00e9e":"1 minute"},"schema":{"@context":"https:\/\/schema.org","@graph":[{"@type":"WebPage","@id":"https:\/\/www.restaurantlaventurelyon.fr\/index.php\/reservation\/","url":"https:\/\/www.restaurantlaventurelyon.fr\/index.php\/reservation\/","name":"R\u00e9servation - laventure","isPartOf":{"@id":"https:\/\/www.restaurantlaventurelyon.fr\/#website"},"datePublished":"2024-01-15T14:11:38+00:00","dateModified":"2024-02-08T10:25:40+00:00","breadcrumb":{"@id":"https:\/\/www.restaurantlaventurelyon.fr\/index.php\/reservation\/#breadcrumb"},"inLanguage":"fr-FR","potentialAction":[{"@type":"ReadAction","target":["https:\/\/www.restaurantlaventurelyon.fr\/index.php\/reservation\/"]}]},{"@type":"BreadcrumbList","@id":"https:\/\/www.restaurantlaventurelyon.fr\/index.php\/reservation\/#breadcrumb","itemListElement":[{"@type":"ListItem","position":1,"name":"Home","item":"https:\/\/www.restaurantlaventurelyon.fr\/"},{"@type":"ListItem","position":2,"name":"R\u00e9servation"}]},{"@type":"WebSite","@id":"https:\/\/www.restaurantlaventurelyon.fr\/#website","url":"https:\/\/www.restaurantlaventurelyon.fr\/","name":"laventure","description":"","publisher":{"@id":"https:\/\/www.restaurantlaventurelyon.fr\/#organization"},"potentialAction":[{"@type":"SearchAction","target":{"@type":"EntryPoint","urlTemplate":"https:\/\/www.restaurantlaventurelyon.fr\/?s={search_term_string}"},"query-input":"required name=search_term_string"}],"inLanguage":"fr-FR"},{"@type":"Organization","@id":"https:\/\/www.restaurantlaventurelyon.fr\/#organization","name":"laventure","url":"https:\/\/www.restaurantlaventurelyon.fr\/","logo":{"@type":"ImageObject","inLanguage":"fr-FR","@id":"https:\/\/www.restaurantlaventurelyon.fr\/#\/schema\/logo\/image\/","url":"https:\/\/www.restaurantlaventurelyon.fr\/wp-content\/uploads\/2024\/01\/LAVENTURE-LOGO-HD-SANS-BASELINR-14.png","contentUrl":"https:\/\/www.restaurantlaventurelyon.fr\/wp-content\/uploads\/2024\/01\/LAVENTURE-LOGO-HD-SANS-BASELINR-14.png","width":1137,"height":1064,"caption":"laventure"},"image":{"@id":"https:\/\/www.restaurantlaventurelyon.fr\/#\/schema\/logo\/image\/"}}]}},"_links":{"self":[{"href":"https:\/\/www.restaurantlaventurelyon.fr\/index.php\/wp-json\/wp\/v2\/pages\/158","targetHints":{"allow":["GET"]}}],"collection":[{"href":"https:\/\/www.restaurantlaventurelyon.fr\/index.php\/wp-json\/wp\/v2\/pages"}],"about":[{"href":"https:\/\/www.restaurantlaventurelyon.fr\/index.php\/wp-json\/wp\/v2\/types\/page"}],"author":[{"embeddable":true,"href":"https:\/\/www.restaurantlaventurelyon.fr\/index.php\/wp-json\/wp\/v2\/users\/1"}],"replies":[{"embeddable":true,"href":"https:\/\/www.restaurantlaventurelyon.fr\/index.php\/wp-json\/wp\/v2\/comments?post=158"}],"version-history":[{"count":5,"href":"https:\/\/www.restaurantlaventurelyon.fr\/index.php\/wp-json\/wp\/v2\/pages\/158\/revisions"}],"predecessor-version":[{"id":263,"href":"https:\/\/www.restaurantlaventurelyon.fr\/index.php\/wp-json\/wp\/v2\/pages\/158\/revisions\/263"}],"wp:attachment":[{"href":"https:\/\/www.restaurantlaventurelyon.fr\/index.php\/wp-json\/wp\/v2\/media?parent=158"}],"curies":[{"name":"wp","href":"https:\/\/api.w.org\/{rel}","templated":true}]}}